{"id":7832,"date":"2023-06-14T09:46:36","date_gmt":"2023-06-14T08:46:36","guid":{"rendered":"https:\/\/sarahwaddingtonproperty.com\/?page_id=7832"},"modified":"2024-10-21T13:40:56","modified_gmt":"2024-10-21T12:40:56","slug":"privacy-policy","status":"publish","type":"page","link":"https:\/\/sarahwaddingtonproperty.com\/es\/privacy-policy\/","title":{"rendered":"pol\u00edtica de privacidad"},"content":{"rendered":"<p>El usuario da su consentimiento para que SARAH WADDINGTON PROPERTY pueda utilizar sus datos de navegaci\u00f3n en Internet para enviarle publicidad de terceros seg\u00fan los sitios web que visita. Los anunciantes ser\u00e1n los \u00fanicos responsables de la veracidad, exactitud y legalidad de su publicidad siendo SARAH WADDINGTON PROPERTY un mero difusor de la misma. Los anunciantes son los \u00fanicos responsables de la veracidad, exactitud y licitud de su publicidad siendo SARAH WADDINGTON PROPERTY una mera difusora de la misma. Los anunciantes no podr\u00e1n tener acceso a los datos personales del Usuario, directamente sin el consentimiento expreso del usuario en cada ocasi\u00f3n. Los anunciantes no podr\u00e1n tener acceso a los datos personales del usuario, directamente sin el consentimiento expreso en cada ocasi\u00f3n.<\/p>\n\n\n\n<p>Los derechos de acceso, rectificaci\u00f3n, oposici\u00f3n y cancelaci\u00f3n de los datos personales recabados podr\u00e1n ser ejercitados por los usuarios, y en su caso, por su representante mediante solicitud escrita firmada que contenga los siguientes datos: nombre, apellidos del cliente, direcci\u00f3n a efectos de correspondencia, fotocopia de c\u00e9dula de identidad o pasaporte, y solicitar dicha solicitud espec\u00edfica dirigida a la siguiente direcci\u00f3n:<\/p>\n\n\n\n<p>Sarah Waddington Legal Espa\u00f1a SL, Calle Ferrocarril 23 (oficina arriba Semael), Pol\u00edgono Industrial Nuestra Se\u00f1ora de Lourdes, 29100 Coin, M\u00e1laga, Espa\u00f1a<\/p>\n\n\n\n<p>De acuerdo con las condiciones generales el usuario conoce y acepta el uso de la tecnolog\u00eda \u201cCookie\u201d por parte de SARAH WADDINGTON PROPERTY, si bien puede configurar su navegador para ser avisado de ello e impedir la instalaci\u00f3n de \u201cCookies\u201d en su disco duro, por favor ver instrucciones y manual en su navegador para completar esta informaci\u00f3n.<\/p>\n\n\n\n<p>SARAH WADDINGTON PROPERTY se compromete al cumplimiento de su obligaci\u00f3n de secreto de los datos personales y de su deber de protegerlos, y a adoptar las medidas necesarias para evitar su manipulaci\u00f3n, p\u00e9rdida o acceso no autorizado.<\/p>","protected":false},"excerpt":{"rendered":"<p>The user gives his consent to SARAH WADDINGTON PROPERTY can use their Internet surfing data to send you advertising from third parties according to the web sites you visit. Los anunciantes ser\u00e1n los \u00fanicos responsables de la veracidad, exactitud y legalidad de su publicidad siendo SARAH WADDINGTON PROPERTY un mero difusor de la misma. Advertisers [&hellip;]<\/p>","protected":false},"author":1,"featured_media":0,"parent":0,"menu_order":0,"comment_status":"closed","ping_status":"closed","template":"","meta":{"_acf_changed":false,"footnotes":""},"class_list":["post-7832","page","type-page","status-publish","hentry"],"acf":[],"yoast_head":"<!-- This site is optimized with the Yoast SEO plugin v23.8 - https:\/\/yoast.com\/wordpress\/plugins\/seo\/ -->\n<title>Privacy Policy - Sarah Waddington Property<\/title>\n<meta name=\"robots\" content=\"noindex, follow\" \/>\n<meta property=\"og:locale\" content=\"es_ES\" \/>\n<meta property=\"og:type\" content=\"article\" \/>\n<meta property=\"og:title\" content=\"Privacy Policy - Sarah Waddington Property\" \/>\n<meta property=\"og:description\" content=\"The user gives his consent to SARAH WADDINGTON PROPERTY can use their Internet surfing data to send you advertising from third parties according to the web sites you visit. Los anunciantes ser\u00e1n los \u00fanicos responsables de la veracidad, exactitud y legalidad de su publicidad siendo SARAH WADDINGTON PROPERTY un mero difusor de la misma. Advertisers [&hellip;]\" \/>\n<meta property=\"og:url\" content=\"https:\/\/sarahwaddingtonproperty.com\/es\/privacy-policy\/\" \/>\n<meta property=\"og:site_name\" content=\"Sarah Waddington Property\" \/>\n<meta property=\"article:modified_time\" content=\"2024-10-21T12:40:56+00:00\" \/>\n<meta name=\"twitter:card\" content=\"summary_large_image\" \/>\n<meta name=\"twitter:label1\" content=\"Tiempo de lectura\" \/>\n\t<meta name=\"twitter:data1\" content=\"2 minutos\" \/>\n<script type=\"application\/ld+json\" class=\"yoast-schema-graph\">{\"@context\":\"https:\/\/schema.org\",\"@graph\":[{\"@type\":\"WebPage\",\"@id\":\"https:\/\/sarahwaddingtonproperty.com\/privacy-policy\/\",\"url\":\"https:\/\/sarahwaddingtonproperty.com\/privacy-policy\/\",\"name\":\"Privacy Policy - Sarah Waddington Property\",\"isPartOf\":{\"@id\":\"https:\/\/sarahwaddingtonproperty.com\/#website\"},\"datePublished\":\"2023-06-14T08:46:36+00:00\",\"dateModified\":\"2024-10-21T12:40:56+00:00\",\"breadcrumb\":{\"@id\":\"https:\/\/sarahwaddingtonproperty.com\/privacy-policy\/#breadcrumb\"},\"inLanguage\":\"es\",\"potentialAction\":[{\"@type\":\"ReadAction\",\"target\":[\"https:\/\/sarahwaddingtonproperty.com\/privacy-policy\/\"]}]},{\"@type\":\"BreadcrumbList\",\"@id\":\"https:\/\/sarahwaddingtonproperty.com\/privacy-policy\/#breadcrumb\",\"itemListElement\":[{\"@type\":\"ListItem\",\"position\":1,\"name\":\"Home\",\"item\":\"https:\/\/sarahwaddingtonproperty.com\/\"},{\"@type\":\"ListItem\",\"position\":2,\"name\":\"Privacy Policy\"}]},{\"@type\":\"WebSite\",\"@id\":\"https:\/\/sarahwaddingtonproperty.com\/#website\",\"url\":\"https:\/\/sarahwaddingtonproperty.com\/\",\"name\":\"Sarah Waddington Property\",\"description\":\"\",\"potentialAction\":[{\"@type\":\"SearchAction\",\"target\":{\"@type\":\"EntryPoint\",\"urlTemplate\":\"https:\/\/sarahwaddingtonproperty.com\/?s={search_term_string}\"},\"query-input\":{\"@type\":\"PropertyValueSpecification\",\"valueRequired\":true,\"valueName\":\"search_term_string\"}}],\"inLanguage\":\"es\"}]}<\/script>\n<!-- \/ Yoast SEO plugin. -->","yoast_head_json":{"title":"Privacy Policy - Sarah Waddington Property","robots":{"index":"noindex","follow":"follow"},"og_locale":"es_ES","og_type":"article","og_title":"Privacy Policy - Sarah Waddington Property","og_description":"The user gives his consent to SARAH WADDINGTON PROPERTY can use their Internet surfing data to send you advertising from third parties according to the web sites you visit. Los anunciantes ser\u00e1n los \u00fanicos responsables de la veracidad, exactitud y legalidad de su publicidad siendo SARAH WADDINGTON PROPERTY un mero difusor de la misma. Advertisers [&hellip;]","og_url":"https:\/\/sarahwaddingtonproperty.com\/es\/privacy-policy\/","og_site_name":"Sarah Waddington Property","article_modified_time":"2024-10-21T12:40:56+00:00","twitter_card":"summary_large_image","twitter_misc":{"Tiempo de lectura":"2 minutos"},"schema":{"@context":"https:\/\/schema.org","@graph":[{"@type":"WebPage","@id":"https:\/\/sarahwaddingtonproperty.com\/privacy-policy\/","url":"https:\/\/sarahwaddingtonproperty.com\/privacy-policy\/","name":"Privacy Policy - Sarah Waddington Property","isPartOf":{"@id":"https:\/\/sarahwaddingtonproperty.com\/#website"},"datePublished":"2023-06-14T08:46:36+00:00","dateModified":"2024-10-21T12:40:56+00:00","breadcrumb":{"@id":"https:\/\/sarahwaddingtonproperty.com\/privacy-policy\/#breadcrumb"},"inLanguage":"es","potentialAction":[{"@type":"ReadAction","target":["https:\/\/sarahwaddingtonproperty.com\/privacy-policy\/"]}]},{"@type":"BreadcrumbList","@id":"https:\/\/sarahwaddingtonproperty.com\/privacy-policy\/#breadcrumb","itemListElement":[{"@type":"ListItem","position":1,"name":"Home","item":"https:\/\/sarahwaddingtonproperty.com\/"},{"@type":"ListItem","position":2,"name":"Privacy Policy"}]},{"@type":"WebSite","@id":"https:\/\/sarahwaddingtonproperty.com\/#website","url":"https:\/\/sarahwaddingtonproperty.com\/","name":"Sarah Waddington Property","description":"","potentialAction":[{"@type":"SearchAction","target":{"@type":"EntryPoint","urlTemplate":"https:\/\/sarahwaddingtonproperty.com\/?s={search_term_string}"},"query-input":{"@type":"PropertyValueSpecification","valueRequired":true,"valueName":"search_term_string"}}],"inLanguage":"es"}]}},"_links":{"self":[{"href":"https:\/\/sarahwaddingtonproperty.com\/es\/wp-json\/wp\/v2\/pages\/7832","targetHints":{"allow":["GET"]}}],"collection":[{"href":"https:\/\/sarahwaddingtonproperty.com\/es\/wp-json\/wp\/v2\/pages"}],"about":[{"href":"https:\/\/sarahwaddingtonproperty.com\/es\/wp-json\/wp\/v2\/types\/page"}],"author":[{"embeddable":true,"href":"https:\/\/sarahwaddingtonproperty.com\/es\/wp-json\/wp\/v2\/users\/1"}],"replies":[{"embeddable":true,"href":"https:\/\/sarahwaddingtonproperty.com\/es\/wp-json\/wp\/v2\/comments?post=7832"}],"version-history":[{"count":2,"href":"https:\/\/sarahwaddingtonproperty.com\/es\/wp-json\/wp\/v2\/pages\/7832\/revisions"}],"predecessor-version":[{"id":7834,"href":"https:\/\/sarahwaddingtonproperty.com\/es\/wp-json\/wp\/v2\/pages\/7832\/revisions\/7834"}],"wp:attachment":[{"href":"https:\/\/sarahwaddingtonproperty.com\/es\/wp-json\/wp\/v2\/media?parent=7832"}],"curies":[{"name":"wp","href":"https:\/\/api.w.org\/{rel}","templated":true}]}}